{"id":1008,"date":"2019-11-26T11:07:39","date_gmt":"2019-11-26T10:07:39","guid":{"rendered":"https:\/\/www.villadama.it\/it\/?page_id=1008"},"modified":"2025-10-10T13:13:49","modified_gmt":"2025-10-10T11:13:49","slug":"la-fattoria","status":"publish","type":"page","link":"https:\/\/www.villadama.it\/it\/dormire\/la-fattoria\/","title":{"rendered":"La Fattoria"},"content":{"rendered":"\n<p>La Fattoria \u00e8 la sistemazione migliore per famiglie o per chi vuole ritrovare la dimensione rurale. Si trova nel cuore dell&#8217;azienda agraria e si raggiunge tramite una strada interna non asfaltata.<\/p>\n\n\n\n<p>Al mattino il gallo canta e affacciandosi dalla finestra si pu\u00f2 vedere la distesa dei nostri vigneti e il ricco orto dell\u2019agriturismo. Sarete circondati da boschi e prati in cui si possono incontrare leprotti, pecore e mucche al pascolo, maialini e animali di bassa corte, che razzolano nei recinti a loro dedicati.<\/p>\n\n\n\n<p>Nelle due strutture troverete due appartamenti e una camera quadrupla con bagno. Ogni alloggio ha riscaldamento e aria condizionata autonoma.<\/p>\n\n\n\n<p>Al piano terra della struttura pi\u00f9 grande \u00e8 disponibile un salone in stile country con un grande camino centrale. Pu\u00f2 essere condiviso tra gli ospiti o riservato a gruppi per feste private.<\/p>\n\n\n\n<p>A disposizione per i bambini dei giochi in legno con scivolo e altalene.<\/p>\n\n\n\n<p>La piscina pi\u00f9 vicina \u00e8 quella del Casale, che si raggiunge a piedi attraversando il bosco, grazie un sentiero in salita che sale proprio dietro ai giochi di legno.<\/p>\n\n\n\n<p>Lo spazio esterno della Fattoria \u00e8 ovviamente il paradiso per i vostri amici a 4 zampe!<\/p>\n","protected":false},"excerpt":{"rendered":"<p>La Fattoria \u00e8 la sistemazione migliore per famiglie o per chi vuole ritrovare la dimensione rurale. Si trova nel cuore dell&#8217;azienda agraria e si raggiunge tramite una strada interna non asfaltata. Al mattino il gallo canta e affacciandosi dalla finestra si pu\u00f2 vedere la distesa dei nostri vigneti e il ricco orto dell\u2019agriturismo. Sarete circondati [&hellip;]<\/p>\n","protected":false},"author":1,"featured_media":1048,"parent":944,"menu_order":7,"comment_status":"closed","ping_status":"closed","template":"template\/template-generic.php","meta":{"footnotes":""},"class_list":["post-1008","page","type-page","status-publish","has-post-thumbnail","hentry"],"_links":{"self":[{"href":"https:\/\/www.villadama.it\/it\/wp-json\/wp\/v2\/pages\/1008","targetHints":{"allow":["GET"]}}],"collection":[{"href":"https:\/\/www.villadama.it\/it\/wp-json\/wp\/v2\/pages"}],"about":[{"href":"https:\/\/www.villadama.it\/it\/wp-json\/wp\/v2\/types\/page"}],"author":[{"embeddable":true,"href":"https:\/\/www.villadama.it\/it\/wp-json\/wp\/v2\/users\/1"}],"replies":[{"embeddable":true,"href":"https:\/\/www.villadama.it\/it\/wp-json\/wp\/v2\/comments?post=1008"}],"version-history":[{"count":13,"href":"https:\/\/www.villadama.it\/it\/wp-json\/wp\/v2\/pages\/1008\/revisions"}],"predecessor-version":[{"id":2323,"href":"https:\/\/www.villadama.it\/it\/wp-json\/wp\/v2\/pages\/1008\/revisions\/2323"}],"up":[{"embeddable":true,"href":"https:\/\/www.villadama.it\/it\/wp-json\/wp\/v2\/pages\/944"}],"wp:featuredmedia":[{"embeddable":true,"href":"https:\/\/www.villadama.it\/it\/wp-json\/wp\/v2\/media\/1048"}],"wp:attachment":[{"href":"https:\/\/www.villadama.it\/it\/wp-json\/wp\/v2\/media?parent=1008"}],"curies":[{"name":"wp","href":"https:\/\/api.w.org\/{rel}","templated":true}]}}